{"id":541,"date":"2026-03-12T14:43:03","date_gmt":"2026-03-12T14:43:03","guid":{"rendered":"https:\/\/associationpositivitefeminine.org\/index.php\/about\/"},"modified":"2026-03-26T02:57:43","modified_gmt":"2026-03-26T02:57:43","slug":"about","status":"publish","type":"page","link":"https:\/\/associationpositivitefeminine.org\/fr\/about\/","title":{"rendered":"About"},"content":{"rendered":"<div data-elementor-type=\"wp-post\" data-elementor-id=\"541\" class=\"elementor elementor-541\">\n\t\t\t\t<div class=\"elementor-element elementor-element-5f02ddf e-flex e-con-boxed e-con e-parent\" data-id=\"5f02ddf\" data-element_type=\"container\" data-e-type=\"container\" data-settings=\"{&quot;background_background&quot;:&quot;classic&quot;}\">\n\t\t\t\t\t<div class=\"e-con-inner\">\n\t\t<div class=\"elementor-element elementor-element-0502d81 e-con-full e-flex e-con e-child\" data-id=\"0502d81\" data-element_type=\"container\" data-e-type=\"container\">\n\t\t\t\t<div class=\"elementor-element elementor-element-03d202b elementor-widget elementor-widget-heading\" data-id=\"03d202b\" data-element_type=\"widget\" data-e-type=\"widget\" data-widget_type=\"heading.default\">\n\t\t\t\t<div class=\"elementor-widget-container\">\n\t\t\t\t\t<h1 class=\"elementor-heading-title elementor-size-default\">Qui sommes-nous ?<\/h1>\t\t\t\t<\/div>\n\t\t\t\t<\/div>\n\t\t\t\t<\/div>\n\t\t\t\t\t<\/div>\n\t\t\t\t<\/div>\n\t\t<div class=\"elementor-element elementor-element-ce23579 e-flex e-con-boxed e-con e-parent\" data-id=\"ce23579\" data-element_type=\"container\" data-e-type=\"container\">\n\t\t\t\t\t<div class=\"e-con-inner\">\n\t\t<div class=\"elementor-element elementor-element-89a7aec e-con-full e-flex e-con e-child\" data-id=\"89a7aec\" data-element_type=\"container\" data-e-type=\"container\">\n\t\t\t\t<div class=\"elementor-element elementor-element-a01f0dc elementor-widget elementor-widget-heading\" data-id=\"a01f0dc\" data-element_type=\"widget\" data-e-type=\"widget\" data-widget_type=\"heading.default\">\n\t\t\t\t<div class=\"elementor-widget-container\">\n\t\t\t\t\t<h2 class=\"elementor-heading-title elementor-size-default\">Pr\u00e9sentation<\/h2>\t\t\t\t<\/div>\n\t\t\t\t<\/div>\n\t\t\t\t<div class=\"elementor-element elementor-element-c43b3dd elementor-widget-divider--view-line elementor-widget elementor-widget-divider\" data-id=\"c43b3dd\" data-element_type=\"widget\" data-e-type=\"widget\" data-widget_type=\"divider.default\">\n\t\t\t\t<div class=\"elementor-widget-container\">\n\t\t\t\t\t\t\t<div class=\"elementor-divider\">\n\t\t\t<span class=\"elementor-divider-separator\">\n\t\t\t\t\t\t<\/span>\n\t\t<\/div>\n\t\t\t\t\t\t<\/div>\n\t\t\t\t<\/div>\n\t\t\t\t<div class=\"elementor-element elementor-element-e871351 elementor-widget elementor-widget-text-editor\" data-id=\"e871351\" data-element_type=\"widget\" data-e-type=\"widget\" data-widget_type=\"text-editor.default\">\n\t\t\t\t<div class=\"elementor-widget-container\">\n\t\t\t\t\t\t\t\t\t<p class=\"p1\">L\u2019Association Positivit\u00e9 F\u00e9minine (ASPF), plus commun\u00e9ment appel\u00e9e ASPF, est une organisation fond\u00e9e en 2020 par Fabienne D\u00e9lice, qui avait d\u00e9velopp\u00e9 six ans auparavant la communaut\u00e9 en ligne \u00ab\u00a0Positivit\u00e9 F\u00e9minine\u00a0\u00bb. L\u2019ASPF est une association compos\u00e9e exclusivement de femmes unies par une vision commune\u00a0: promouvoir les femmes carib\u00e9ennes \u00e0 l\u2019\u00e9chelle mondiale.<\/p>\t\t\t\t\t\t\t\t<\/div>\n\t\t\t\t<\/div>\n\t\t\t\t<\/div>\n\t\t<div class=\"elementor-element elementor-element-e8e4600 e-con-full e-flex e-con e-child\" data-id=\"e8e4600\" data-element_type=\"container\" data-e-type=\"container\">\n\t\t\t\t<div class=\"elementor-element elementor-element-6060d91 elementor-widget-mobile__width-initial elementor-widget elementor-widget-image\" data-id=\"6060d91\" data-element_type=\"widget\" data-e-type=\"widget\" data-widget_type=\"image.default\">\n\t\t\t\t<div class=\"elementor-widget-container\">\n\t\t\t\t\t\t\t\t\t\t\t\t<figure class=\"wp-caption\">\n\t\t\t\t\t\t\t\t\t\t<img decoding=\"async\" src=\"https:\/\/associationpositivitefeminine.org\/wp-content\/uploads\/2026\/03\/Fabienn-pic.jpg\" title=\"Fabienn pic\" alt=\"Fabienne D\u00e9lice - President of ASPF\" loading=\"lazy\" \/>\t\t\t\t\t\t\t\t\t\t\t<figcaption class=\"widget-image-caption wp-caption-text\">Fabienne D\u00e9lice - \nPr\u00e9sidente de l'ASPF<\/figcaption>\n\t\t\t\t\t\t\t\t\t\t<\/figure>\n\t\t\t\t\t\t\t\t\t<\/div>\n\t\t\t\t<\/div>\n\t\t\t\t<\/div>\n\t\t\t\t\t<\/div>\n\t\t\t\t<\/div>\n\t\t<div class=\"elementor-element elementor-element-8195a0d e-flex e-con-boxed e-con e-parent\" data-id=\"8195a0d\" data-element_type=\"container\" data-e-type=\"container\">\n\t\t\t\t\t<div class=\"e-con-inner\">\n\t\t<div class=\"elementor-element elementor-element-c48d12f e-con-full e-flex e-con e-child\" data-id=\"c48d12f\" data-element_type=\"container\" data-e-type=\"container\">\n\t\t\t\t<div class=\"elementor-element elementor-element-491f841 elementor-widget elementor-widget-heading\" data-id=\"491f841\" data-element_type=\"widget\" data-e-type=\"widget\" data-widget_type=\"heading.default\">\n\t\t\t\t<div class=\"elementor-widget-container\">\n\t\t\t\t\t<h4 class=\"elementor-heading-title elementor-size-default\">Mission<\/h4>\t\t\t\t<\/div>\n\t\t\t\t<\/div>\n\t\t\t\t<div class=\"elementor-element elementor-element-7beb61e elementor-widget-divider--view-line elementor-widget elementor-widget-divider\" data-id=\"7beb61e\" data-element_type=\"widget\" data-e-type=\"widget\" data-widget_type=\"divider.default\">\n\t\t\t\t<div class=\"elementor-widget-container\">\n\t\t\t\t\t\t\t<div class=\"elementor-divider\">\n\t\t\t<span class=\"elementor-divider-separator\">\n\t\t\t\t\t\t<\/span>\n\t\t<\/div>\n\t\t\t\t\t\t<\/div>\n\t\t\t\t<\/div>\n\t\t\t\t<div class=\"elementor-element elementor-element-c5cd51e elementor-widget elementor-widget-text-editor\" data-id=\"c5cd51e\" data-element_type=\"widget\" data-e-type=\"widget\" data-widget_type=\"text-editor.default\">\n\t\t\t\t<div class=\"elementor-widget-container\">\n\t\t\t\t\t\t\t\t\t<p class=\"p1\">Notre mission est de promouvoir et d'autonomiser les femmes carib\u00e9ennes en cr\u00e9ant un environnement favorable qui leur permette de surmonter leurs difficult\u00e9s et d'atteindre leur plein potentiel.<\/p>\t\t\t\t\t\t\t\t<\/div>\n\t\t\t\t<\/div>\n\t\t<div class=\"elementor-element elementor-element-1b3c359 e-con-full e-flex e-con e-child\" data-id=\"1b3c359\" data-element_type=\"container\" data-e-type=\"container\">\n\t\t\t\t<div class=\"elementor-element elementor-element-810033f elementor-widget elementor-widget-heading\" data-id=\"810033f\" data-element_type=\"widget\" data-e-type=\"widget\" data-widget_type=\"heading.default\">\n\t\t\t\t<div class=\"elementor-widget-container\">\n\t\t\t\t\t<h4 class=\"elementor-heading-title elementor-size-default\">Vision<\/h4>\t\t\t\t<\/div>\n\t\t\t\t<\/div>\n\t\t\t\t<div class=\"elementor-element elementor-element-57080c1 elementor-widget-divider--view-line elementor-widget elementor-widget-divider\" data-id=\"57080c1\" data-element_type=\"widget\" data-e-type=\"widget\" data-widget_type=\"divider.default\">\n\t\t\t\t<div class=\"elementor-widget-container\">\n\t\t\t\t\t\t\t<div class=\"elementor-divider\">\n\t\t\t<span class=\"elementor-divider-separator\">\n\t\t\t\t\t\t<\/span>\n\t\t<\/div>\n\t\t\t\t\t\t<\/div>\n\t\t\t\t<\/div>\n\t\t\t\t<div class=\"elementor-element elementor-element-0b953c7 elementor-widget__width-initial elementor-widget elementor-widget-text-editor\" data-id=\"0b953c7\" data-element_type=\"widget\" data-e-type=\"widget\" data-widget_type=\"text-editor.default\">\n\t\t\t\t<div class=\"elementor-widget-container\">\n\t\t\t\t\t\t\t\t\t<p class=\"p1\">La vision de l\u2019ASPF est l\u2019\u00e9volution des femmes carib\u00e9ennes au sein de la soci\u00e9t\u00e9 mondiale.<\/p>\t\t\t\t\t\t\t\t<\/div>\n\t\t\t\t<\/div>\n\t\t\t\t<\/div>\n\t\t\t\t<\/div>\n\t\t<div class=\"elementor-element elementor-element-d47d4cd e-con-full e-flex e-con e-child\" data-id=\"d47d4cd\" data-element_type=\"container\" data-e-type=\"container\">\n\t\t\t\t<div class=\"elementor-element elementor-element-bf795e2 elementor-widget elementor-widget-heading\" data-id=\"bf795e2\" data-element_type=\"widget\" data-e-type=\"widget\" data-widget_type=\"heading.default\">\n\t\t\t\t<div class=\"elementor-widget-container\">\n\t\t\t\t\t<h4 class=\"elementor-heading-title elementor-size-default\">Valeurs<\/h4>\t\t\t\t<\/div>\n\t\t\t\t<\/div>\n\t\t\t\t<div class=\"elementor-element elementor-element-ae16dd8 elementor-widget-divider--view-line elementor-widget elementor-widget-divider\" data-id=\"ae16dd8\" data-element_type=\"widget\" data-e-type=\"widget\" data-widget_type=\"divider.default\">\n\t\t\t\t<div class=\"elementor-widget-container\">\n\t\t\t\t\t\t\t<div class=\"elementor-divider\">\n\t\t\t<span class=\"elementor-divider-separator\">\n\t\t\t\t\t\t<\/span>\n\t\t<\/div>\n\t\t\t\t\t\t<\/div>\n\t\t\t\t<\/div>\n\t\t\t\t<div class=\"elementor-element elementor-element-8c4a333 elementor-widget elementor-widget-text-editor\" data-id=\"8c4a333\" data-element_type=\"widget\" data-e-type=\"widget\" data-widget_type=\"text-editor.default\">\n\t\t\t\t<div class=\"elementor-widget-container\">\n\t\t\t\t\t\t\t\t\t<p class=\"p1\">Nous respectons, valorisons et mettons en pratique l'int\u00e9grit\u00e9, l'inclusion et le travail d'\u00e9quipe dans la poursuite de notre mission.<\/p>\t\t\t\t\t\t\t\t<\/div>\n\t\t\t\t<\/div>\n\t\t\t\t<\/div>\n\t\t\t\t\t<\/div>\n\t\t\t\t<\/div>\n\t\t<div class=\"elementor-element elementor-element-cafd82e e-flex e-con-boxed e-con e-parent\" data-id=\"cafd82e\" data-element_type=\"container\" data-e-type=\"container\">\n\t\t\t\t\t<div class=\"e-con-inner\">\n\t\t<div class=\"elementor-element elementor-element-1770f7e e-con-full e-flex e-con e-child\" data-id=\"1770f7e\" data-element_type=\"container\" data-e-type=\"container\">\n\t\t\t\t<div class=\"elementor-element elementor-element-f879c42 elementor-widget elementor-widget-heading\" data-id=\"f879c42\" data-element_type=\"widget\" data-e-type=\"widget\" data-widget_type=\"heading.default\">\n\t\t\t\t<div class=\"elementor-widget-container\">\n\t\t\t\t\t<h2 class=\"elementor-heading-title elementor-size-default\">Objectifs<\/h2>\t\t\t\t<\/div>\n\t\t\t\t<\/div>\n\t\t\t\t<div class=\"elementor-element elementor-element-fb4e45a elementor-widget-divider--view-line elementor-widget elementor-widget-divider\" data-id=\"fb4e45a\" data-element_type=\"widget\" data-e-type=\"widget\" data-widget_type=\"divider.default\">\n\t\t\t\t<div class=\"elementor-widget-container\">\n\t\t\t\t\t\t\t<div class=\"elementor-divider\">\n\t\t\t<span class=\"elementor-divider-separator\">\n\t\t\t\t\t\t<\/span>\n\t\t<\/div>\n\t\t\t\t\t\t<\/div>\n\t\t\t\t<\/div>\n\t\t\t\t<div class=\"elementor-element elementor-element-1e5d65a elementor-widget__width-initial elementor-widget elementor-widget-text-editor\" data-id=\"1e5d65a\" data-element_type=\"widget\" data-e-type=\"widget\" data-widget_type=\"text-editor.default\">\n\t\t\t\t<div class=\"elementor-widget-container\">\n\t\t\t\t\t\t\t\t\t<div class=\"container\"><div id=\"model-response-message-contentr_72facf9212a0b83e\" class=\"markdown markdown-main-panel tutor-markdown-rendering stronger enable-updated-hr-color\" dir=\"ltr\" aria-live=\"polite\" aria-busy=\"false\"><p data-path-to-node=\"1\">Notre approche principale consiste \u00e0 am\u00e9liorer l'acc\u00e8s aux opportunit\u00e9s pour les femmes carib\u00e9ennes, en leur permettant de s'engager dans l'\u00e9ducation, l'entrepreneuriat et la prise de d\u00e9cisions \u00e9clair\u00e9es \u00e0 tous les niveaux. Pour ce faire, nous mettons \u00e0 leur disposition des outils qui les aident \u00e0 d\u00e9velopper leur confiance en elles et en autrui gr\u00e2ce \u00e0 un r\u00e9seau de soutien moral, un accompagnement entrepreneurial et un soutien financier mis en place par l'ASPF. Nous concentrons nos efforts sur des domaines sp\u00e9cifiques \u00e0 travers diverses initiatives, \u00e9v\u00e9nements et programmes afin de fournir des ressources, un mentorat et des opportunit\u00e9s de formation qui permettent aux femmes de\u00a0:<\/p><ul data-path-to-node=\"2\"><li><p data-path-to-node=\"2,0,0\"><b data-path-to-node=\"2,0,0\" data-index-in-node=\"0\">D\u00e9passer les limites traditionnelles<\/b> leur imposer et stimuler leur force int\u00e9rieure pour relever les d\u00e9fis du monde des affaires et de leur vie personnelle.<\/p><\/li><li><p data-path-to-node=\"2,1,0\"><b data-path-to-node=\"2,1,0\" data-index-in-node=\"0\">D\u00e9velopper constamment leurs capacit\u00e9s<\/b> atteindre un niveau sup\u00e9rieur d'excellence personnelle et professionnelle, accro\u00eetre leur confiance en soi et d\u00e9velopper leur motivation personnelle.<\/p><\/li><\/ul><\/div><\/div>\t\t\t\t\t\t\t\t<\/div>\n\t\t\t\t<\/div>\n\t\t\t\t<\/div>\n\t\t<div class=\"elementor-element elementor-element-cfa0521 e-con-full e-flex e-con e-child\" data-id=\"cfa0521\" data-element_type=\"container\" data-e-type=\"container\">\n\t\t\t\t<div class=\"elementor-element elementor-element-2a2b670 elementor-widget elementor-widget-image\" data-id=\"2a2b670\" data-element_type=\"widget\" data-e-type=\"widget\" data-widget_type=\"image.default\">\n\t\t\t\t<div class=\"elementor-widget-container\">\n\t\t\t\t\t\t\t\t\t\t\t\t\t\t\t<img decoding=\"async\" src=\"https:\/\/associationpositivitefeminine.org\/wp-content\/uploads\/2026\/03\/business-woman-wearing-mask-coronavirus-meeting-scaled.jpg\" title=\"Business woman wearing mask in coronavirus meeting, the new normal\" alt=\"Business woman wearing mask in coronavirus meeting, the new normal\" loading=\"lazy\" \/>\t\t\t\t\t\t\t\t\t\t\t\t\t\t\t<\/div>\n\t\t\t\t<\/div>\n\t\t\t\t<\/div>\n\t\t\t\t\t<\/div>\n\t\t\t\t<\/div>\n\t\t<div class=\"elementor-element elementor-element-dc55f08 e-flex e-con-boxed e-con e-parent\" data-id=\"dc55f08\" data-element_type=\"container\" data-e-type=\"container\">\n\t\t\t\t\t<div class=\"e-con-inner\">\n\t\t<div class=\"elementor-element elementor-element-0bed24b e-con-full e-flex e-con e-child\" data-id=\"0bed24b\" data-element_type=\"container\" data-e-type=\"container\">\n\t\t\t\t<div class=\"elementor-element elementor-element-eb3e197 elementor-widget elementor-widget-heading\" data-id=\"eb3e197\" data-element_type=\"widget\" data-e-type=\"widget\" data-widget_type=\"heading.default\">\n\t\t\t\t<div class=\"elementor-widget-container\">\n\t\t\t\t\t<h2 class=\"elementor-heading-title elementor-size-default\">Strat\u00e9gies<\/h2>\t\t\t\t<\/div>\n\t\t\t\t<\/div>\n\t\t\t\t<div class=\"elementor-element elementor-element-652312a elementor-widget-divider--view-line elementor-widget elementor-widget-divider\" data-id=\"652312a\" data-element_type=\"widget\" data-e-type=\"widget\" data-widget_type=\"divider.default\">\n\t\t\t\t<div class=\"elementor-widget-container\">\n\t\t\t\t\t\t\t<div class=\"elementor-divider\">\n\t\t\t<span class=\"elementor-divider-separator\">\n\t\t\t\t\t\t<\/span>\n\t\t<\/div>\n\t\t\t\t\t\t<\/div>\n\t\t\t\t<\/div>\n\t\t\t\t<div class=\"elementor-element elementor-element-3bdb8a8 elementor-widget__width-initial elementor-widget elementor-widget-text-editor\" data-id=\"3bdb8a8\" data-element_type=\"widget\" data-e-type=\"widget\" data-widget_type=\"text-editor.default\">\n\t\t\t\t<div class=\"elementor-widget-container\">\n\t\t\t\t\t\t\t\t\t<p data-path-to-node=\"1\">Fid\u00e8le \u00e0 son engagement d'inspirer, de motiver et d'\u00e9duquer les femmes, l'ASPF met en \u0153uvre des strat\u00e9gies et des programmes visant \u00e0 les autonomiser en comblant les lacunes engendr\u00e9es par les tabous sociaux et le faible niveau de d\u00e9veloppement des femmes dans les Cara\u00efbes. Nous mobilisons \u00e9galement des comp\u00e9tences, des connaissances et des ressources pour cr\u00e9er un changement durable pour les femmes.<\/p><p data-path-to-node=\"2\">Pour atteindre ces objectifs, nos actions comprennent\u00a0:<\/p><ul data-path-to-node=\"3\"><li><p data-path-to-node=\"3,0,0\"><b data-path-to-node=\"3,0,0\" data-index-in-node=\"0\">Programmes de soutien<\/b> pour les femmes en situation de vuln\u00e9rabilit\u00e9 sociale, comme les m\u00e8res c\u00e9libataires.<\/p><\/li><li><p data-path-to-node=\"3,1,0\"><b data-path-to-node=\"3,1,0\" data-index-in-node=\"0\">Campagnes de sensibilisation<\/b> mettre fin aux abus sexuels et aux violences faites aux femmes.<\/p><\/li><li><p data-path-to-node=\"3,2,0\"><b data-path-to-node=\"3,2,0\" data-index-in-node=\"0\">Programmes de coaching<\/b> con\u00e7u pour am\u00e9liorer les conditions de vie quotidiennes des femmes.<\/p><\/li><li><p data-path-to-node=\"3,3,0\"><b data-path-to-node=\"3,3,0\" data-index-in-node=\"0\">Programmes de soutien<\/b> pour l'entrepreneuriat f\u00e9minin.<\/p><\/li><li><p data-path-to-node=\"3,4,0\"><b data-path-to-node=\"3,4,0\" data-index-in-node=\"0\">Mise en place d'un r\u00e9seau de connexion international.<\/b><\/p><\/li><li><p data-path-to-node=\"3,5,0\"><b data-path-to-node=\"3,5,0\" data-index-in-node=\"0\">Organisation d'ateliers communautaires<\/b> et le travail de terrain pour atteindre les objectifs locaux.<\/p><\/li><\/ul>\t\t\t\t\t\t\t\t<\/div>\n\t\t\t\t<\/div>\n\t\t\t\t<\/div>\n\t\t<div class=\"elementor-element elementor-element-b53d333 e-con-full e-flex e-con e-child\" data-id=\"b53d333\" data-element_type=\"container\" data-e-type=\"container\">\n\t\t\t\t<div class=\"elementor-element elementor-element-20d85e4 elementor-widget elementor-widget-image\" data-id=\"20d85e4\" data-element_type=\"widget\" data-e-type=\"widget\" data-widget_type=\"image.default\">\n\t\t\t\t<div class=\"elementor-widget-container\">\n\t\t\t\t\t\t\t\t\t\t\t\t\t\t\t<img decoding=\"async\" src=\"https:\/\/associationpositivitefeminine.org\/wp-content\/uploads\/2026\/03\/medium-shot-woman-stretching-work-scaled.jpg\" title=\"medium-shot-woman-stretching-work\" alt=\"medium-shot-woman-stretching-work\" loading=\"lazy\" \/>\t\t\t\t\t\t\t\t\t\t\t\t\t\t\t<\/div>\n\t\t\t\t<\/div>\n\t\t\t\t<\/div>\n\t\t\t\t\t<\/div>\n\t\t\t\t<\/div>\n\t\t\t\t<\/div>","protected":false},"excerpt":{"rendered":"<p>Who Are we ? Presentation The Association Positivit\u00e9 F\u00e9minine (ASPF), commonly known by the acronym ASPF, is an organization founded in 2020 by Fabienne D\u00e9lice, who developed the online community \u2018Positivit\u00e9 F\u00e9minine,\u2019 six years prior . ASPF is an association composed exclusively of women united under a common vision: to promote Caribbean women on a [&hellip;]<\/p>\n","protected":false},"author":1,"featured_media":0,"parent":0,"menu_order":0,"comment_status":"closed","ping_status":"closed","template":"","meta":{"site-sidebar-layout":"no-sidebar","site-content-layout":"page-builder","ast-site-content-layout":"full-width-container","site-content-style":"unboxed","site-sidebar-style":"unboxed","ast-global-header-display":"","ast-banner-title-visibility":"","ast-main-header-display":"","ast-hfb-above-header-display":"","ast-hfb-below-header-display":"","ast-hfb-mobile-header-display":"","site-post-title":"disabled","ast-breadcrumbs-content":"","ast-featured-img":"disabled","footer-sml-layout":"","ast-disable-related-posts":"","theme-transparent-header-meta":"enabled","adv-header-id-meta":"","stick-header-meta":"","header-above-stick-meta":"","header-main-stick-meta":"","header-below-stick-meta":"","astra-migrate-meta-layouts":"set","ast-page-background-enabled":"default","ast-page-background-meta":{"desktop":{"background-color":"","background-image":"","background-repeat":"repeat","background-position":"center center","background-size":"auto","background-attachment":"scroll","background-type":"","background-media":"","overlay-type":"","overlay-color":"","overlay-opacity":"","overlay-gradient":""},"tablet":{"background-color":"","background-image":"","background-repeat":"repeat","background-position":"center center","background-size":"auto","background-attachment":"scroll","background-type":"","background-media":"","overlay-type":"","overlay-color":"","overlay-opacity":"","overlay-gradient":""},"mobile":{"background-color":"","background-image":"","background-repeat":"repeat","background-position":"center center","background-size":"auto","background-attachment":"scroll","background-type":"","background-media":"","overlay-type":"","overlay-color":"","overlay-opacity":"","overlay-gradient":""}},"ast-content-background-meta":{"desktop":{"background-color":"var(--ast-global-color-5)","background-image":"","background-repeat":"repeat","background-position":"center center","background-size":"auto","background-attachment":"scroll","background-type":"","background-media":"","overlay-type":"","overlay-color":"","overlay-opacity":"","overlay-gradient":""},"tablet":{"background-color":"var(--ast-global-color-5)","background-image":"","background-repeat":"repeat","background-position":"center center","background-size":"auto","background-attachment":"scroll","background-type":"","background-media":"","overlay-type":"","overlay-color":"","overlay-opacity":"","overlay-gradient":""},"mobile":{"background-color":"var(--ast-global-color-5)","background-image":"","background-repeat":"repeat","background-position":"center center","background-size":"auto","background-attachment":"scroll","background-type":"","background-media":"","overlay-type":"","overlay-color":"","overlay-opacity":"","overlay-gradient":""}},"footnotes":""},"class_list":["post-541","page","type-page","status-publish","hentry"],"_links":{"self":[{"href":"https:\/\/associationpositivitefeminine.org\/fr\/wp-json\/wp\/v2\/pages\/541","targetHints":{"allow":["GET"]}}],"collection":[{"href":"https:\/\/associationpositivitefeminine.org\/fr\/wp-json\/wp\/v2\/pages"}],"about":[{"href":"https:\/\/associationpositivitefeminine.org\/fr\/wp-json\/wp\/v2\/types\/page"}],"author":[{"embeddable":true,"href":"https:\/\/associationpositivitefeminine.org\/fr\/wp-json\/wp\/v2\/users\/1"}],"replies":[{"embeddable":true,"href":"https:\/\/associationpositivitefeminine.org\/fr\/wp-json\/wp\/v2\/comments?post=541"}],"version-history":[{"count":57,"href":"https:\/\/associationpositivitefeminine.org\/fr\/wp-json\/wp\/v2\/pages\/541\/revisions"}],"predecessor-version":[{"id":2131,"href":"https:\/\/associationpositivitefeminine.org\/fr\/wp-json\/wp\/v2\/pages\/541\/revisions\/2131"}],"wp:attachment":[{"href":"https:\/\/associationpositivitefeminine.org\/fr\/wp-json\/wp\/v2\/media?parent=541"}],"curies":[{"name":"wp","href":"https:\/\/api.w.org\/{rel}","templated":true}]}}